{"id":198,"date":"2025-08-10T17:31:25","date_gmt":"2025-08-10T15:31:25","guid":{"rendered":"http:\/\/axecibleformalite.com\/?page_id=198"},"modified":"2025-08-23T18:06:38","modified_gmt":"2025-08-23T16:06:38","slug":"nos-tarifs","status":"publish","type":"page","link":"https:\/\/axecibleformalite.com\/index.php\/nos-tarifs\/","title":{"rendered":"NOS TARIFS en vigueur au 01\/09\/2025"},"content":{"rendered":"\n<figure class=\"wp-block-image aligncenter size-full is-resized\"><img alt=\"\" fetchpriority=\"high\" decoding=\"async\" width=\"670\" height=\"376\" src=\"http:\/\/axecibleformalite.com\/wp-content\/uploads\/2025\/08\/entrepreneures-comment-augmenter-ses-tarifs.jpg\" alt=\"\" class=\"wp-image-373\" style=\"width:570px;height:auto\" srcset=\"https:\/\/axecibleformalite.com\/wp-content\/uploads\/2025\/08\/entrepreneures-comment-augmenter-ses-tarifs.jpg 670w, https:\/\/axecibleformalite.com\/wp-content\/uploads\/2025\/08\/entrepreneures-comment-augmenter-ses-tarifs-300x168.jpg 300w\" sizes=\"(max-width: 670px) 100vw, 670px\" \/><\/figure>\n\n\n\n<div class=\"wp-block-group alignfull has-background-color has-white-color has-black-background-color has-text-color has-background has-link-color wp-elements-13a11acebc4c723a001d3a1a57f290fa has-global-padding is-layout-constrained wp-container-core-group-is-layout-23b1a4dc wp-block-group-is-layout-constrained\" style=\"padding-top:var(--wp--preset--spacing--30);padding-right:var(--wp--preset--spacing--30);padding-bottom:var(--wp--preset--spacing--30);padding-left:var(--wp--preset--spacing--30)\"><\/div>\n\n\n\n<p class=\"has-luminous-vivid-orange-color has-text-color has-link-color has-medium-font-size wp-elements-a0d2ef1e551b11ac10eddf900b85efd4\"><strong>*Tous nos tarifs s&rsquo;entendent nets de parution l\u00e9gale.<\/strong><\/p>\n\n\n\n<p>Depuis un arr\u00eat\u00e9 du 19 novembre 2021, un<strong>&nbsp;montant forfaitaire<\/strong>&nbsp;a \u00e9t\u00e9 d\u00e9termin\u00e9 au sujet de<a href=\"https:\/\/www.legalplace.fr\/guides\/annonce-legale-creation-sas\/\">&nbsp;la publication<\/a>&nbsp;des annonces relatives \u00e0 la cr\u00e9ation d\u2019entreprise dans un support d\u2019annonces l\u00e9gales. <\/p>\n\n\n\n<div class=\"wp-block-buttons is-content-justification-left is-nowrap is-layout-flex wp-container-core-buttons-is-layout-fc9f69e7 wp-block-buttons-is-layout-flex\">\n<div class=\"wp-block-button has-custom-width wp-block-button__width-50 is-style-fill\"><a class=\"wp-block-button__link wp-element-button\" href=\"http:\/\/axecibleformalite.com\/index.php\/frais-de-publication\/\"><strong>VOIR LES TARIFS DES FRAIS DE PARUTION LEGALE<\/strong><\/a><\/div>\n<\/div>\n\n\n\n<div class=\"wp-block-media-text is-stacked-on-mobile\" style=\"grid-template-columns:15% auto\"><figure class=\"wp-block-media-text__media\"><img alt=\"\" decoding=\"async\" width=\"500\" height=\"500\" src=\"http:\/\/axecibleformalite.com\/wp-content\/uploads\/2025\/08\/logoAxecible-2.jpg\" alt=\"\" class=\"wp-image-204 size-full\" srcset=\"https:\/\/axecibleformalite.com\/wp-content\/uploads\/2025\/08\/logoAxecible-2.jpg 500w, https:\/\/axecibleformalite.com\/wp-content\/uploads\/2025\/08\/logoAxecible-2-300x300.jpg 300w, https:\/\/axecibleformalite.com\/wp-content\/uploads\/2025\/08\/logoAxecible-2-150x150.jpg 150w\" sizes=\"(max-width: 500px) 100vw, 500px\" \/><\/figure><div class=\"wp-block-media-text__content\">\n<p class=\"has-background-fourth-background-color has-background has-large-font-size\" style=\"margin-top:0;margin-right:0;margin-bottom:0;margin-left:0\">IMMATRICULATIONS <\/p>\n\n\n\n<figure class=\"wp-block-table aligncenter\"><table class=\"has-fixed-layout\"><tbody><tr><td><strong>SARL \/ SA\/ SAS<\/strong> <\/td><td><strong>&nbsp; &nbsp; &nbsp; &nbsp; &nbsp; &nbsp; &nbsp; &nbsp; &nbsp; &nbsp; &nbsp; &nbsp; &nbsp; &nbsp; &nbsp; &nbsp; &nbsp; &nbsp; &nbsp; &nbsp; &nbsp; &nbsp;430, 00 \u20ac HT<\/strong><\/td><\/tr><tr><td><strong>EURL \/ SASU<\/strong><\/td><td><strong>&nbsp; &nbsp; &nbsp; &nbsp; &nbsp; &nbsp; &nbsp; &nbsp; &nbsp; &nbsp; &nbsp; &nbsp; &nbsp; &nbsp; &nbsp; &nbsp; &nbsp; &nbsp; &nbsp; &nbsp; &nbsp; &nbsp;335, 00 \u20ac HT<\/strong><\/td><\/tr><tr><td><strong>SOCIETE CIVILE<\/strong><\/td><td><strong>&nbsp; &nbsp; &nbsp; &nbsp; &nbsp; &nbsp; &nbsp; &nbsp; &nbsp; &nbsp; &nbsp; &nbsp; &nbsp; &nbsp; &nbsp; &nbsp; &nbsp; &nbsp; &nbsp; &nbsp; &nbsp; &nbsp;480, 00 \u20ac HT<\/strong><\/td><\/tr><tr><td><strong>PERSONNE PHYSIQUE&nbsp; &nbsp; &nbsp; &nbsp; &nbsp; &nbsp; &nbsp; &nbsp; &nbsp; &nbsp; &nbsp; &nbsp; &nbsp; &nbsp; &nbsp; &nbsp; &nbsp; &nbsp; &nbsp; &nbsp; &nbsp; &nbsp; &nbsp; &nbsp; &nbsp; &nbsp; &nbsp; &nbsp; &nbsp; &nbsp; &nbsp; &nbsp; &nbsp; &nbsp; &nbsp; &nbsp; &nbsp; &nbsp; &nbsp; &nbsp; &nbsp; &nbsp; &nbsp; &nbsp; &nbsp; &nbsp; &nbsp;&nbsp;<\/strong><\/td><td><strong>&nbsp; &nbsp; &nbsp; &nbsp; &nbsp; &nbsp; &nbsp; &nbsp; &nbsp; &nbsp; &nbsp;  Sur devis avec un minimum de 150 \u20ac HT<\/strong> <\/td><\/tr><tr><td><strong>GFA \/ GFR&nbsp; &nbsp;<\/strong><\/td><td>\u00a0                                  <strong>335, 00 \u20ac HT<\/strong><\/td><\/tr><\/tbody><\/table><\/figure>\n\n\n\n<div class=\"wp-block-buttons is-layout-flex wp-block-buttons-is-layout-flex\">\n<div class=\"wp-block-button\"><a class=\"wp-block-button__link wp-element-button\" href=\"http:\/\/axecibleformalite.com\/index.php\/liste-des-pieces-1\/\">LISTE DES PIECES<\/a><\/div>\n<\/div>\n\n\n\n<p class=\"has-background-fourth-background-color has-background has-x-large-font-size\">MODIFICATIONS<\/p>\n\n\n\n<hr class=\"wp-block-separator has-alpha-channel-opacity\"\/>\n\n\n\n<figure class=\"wp-block-table\"><table class=\"has-fixed-layout\"><tbody><tr><td><strong>TRANSFERT DE SI\u00c8GE&nbsp;(m\u00eame ressort)<\/strong><\/td><td><strong>&nbsp; &nbsp; &nbsp; &nbsp; &nbsp; &nbsp; &nbsp; &nbsp; &nbsp; &nbsp; &nbsp; &nbsp; &nbsp; &nbsp; &nbsp; &nbsp; &nbsp; &nbsp; &nbsp; &nbsp; &nbsp; &nbsp; &nbsp; &nbsp; &nbsp; &nbsp; &nbsp;450, 00 \u20ac HT<\/strong><\/td><\/tr><tr><td><strong>TRANSFERT DE SI\u00c8GE&nbsp;(hors ressort)<\/strong><\/td><td><strong>&nbsp; &nbsp; &nbsp; &nbsp; &nbsp; &nbsp; &nbsp; &nbsp; &nbsp; &nbsp; &nbsp; &nbsp; &nbsp; &nbsp; &nbsp; &nbsp; &nbsp; &nbsp; &nbsp; &nbsp; &nbsp; &nbsp; &nbsp; &nbsp; &nbsp; &nbsp; &nbsp;555, 00 \u20ac HT<\/strong><\/td><\/tr><tr><td><strong>OUVERTURE D\u2019\u00c9TABLISSEMENT PAR CR\u00c9ATION&nbsp;(m\u00eame ressort)&nbsp;<\/strong><\/td><td><strong>&nbsp; &nbsp; &nbsp; &nbsp; &nbsp; &nbsp; &nbsp; &nbsp; &nbsp; &nbsp; &nbsp; &nbsp; &nbsp; &nbsp; &nbsp; &nbsp; &nbsp; &nbsp; &nbsp; &nbsp; &nbsp; &nbsp; &nbsp; &nbsp; &nbsp; &nbsp; &nbsp;175, 00 \u20ac HT<\/strong><\/td><\/tr><tr><td><strong>OUVERTURE D\u2019\u00c9TABLISSEMENT PAR CR\u00c9ATION&nbsp;(hors ressort)<\/strong><\/td><td><strong>&nbsp; &nbsp; &nbsp; &nbsp; &nbsp; &nbsp; &nbsp; &nbsp; &nbsp; &nbsp; &nbsp; &nbsp; &nbsp; &nbsp; &nbsp; &nbsp; &nbsp; &nbsp; &nbsp; &nbsp; &nbsp; &nbsp; &nbsp; &nbsp; &nbsp; &nbsp; &nbsp;220, 00 \u20ac HT<\/strong><\/td><\/tr><tr><td><strong>OUVERTURE DE SUCCURSALE<\/strong><\/td><td><strong>&nbsp; &nbsp; &nbsp; &nbsp; &nbsp; &nbsp; &nbsp; &nbsp; &nbsp; &nbsp; &nbsp; &nbsp; &nbsp; &nbsp; &nbsp; &nbsp; &nbsp; &nbsp; &nbsp; &nbsp; &nbsp; &nbsp; &nbsp; &nbsp; &nbsp; &nbsp; &nbsp;199, 00 \u20ac HT<\/strong><\/td><\/tr><tr><td><strong>FERMETURE DE SUCCURSALE&nbsp; &nbsp;&nbsp;<\/strong><\/td><td><strong>&nbsp; &nbsp; &nbsp; &nbsp; &nbsp; &nbsp; &nbsp; &nbsp; &nbsp; &nbsp; &nbsp; &nbsp; &nbsp; &nbsp; &nbsp; &nbsp; &nbsp; &nbsp; &nbsp; &nbsp; &nbsp; &nbsp; &nbsp; &nbsp; &nbsp; &nbsp; &nbsp;199, 00 \u20ac HT<\/strong><\/td><\/tr><tr><td><strong>TRANSFERT D\u2019\u00c9TABLISSEMENT (autre que le si\u00e8ge social)<\/strong><\/td><td><strong>&nbsp; &nbsp; &nbsp; &nbsp; &nbsp; &nbsp; &nbsp; &nbsp; &nbsp; &nbsp; &nbsp; &nbsp; &nbsp; &nbsp; &nbsp; &nbsp; &nbsp; &nbsp; &nbsp; &nbsp; &nbsp; &nbsp; &nbsp; &nbsp; &nbsp; &nbsp; &nbsp;200, 00 \u20ac HT<\/strong><\/td><\/tr><tr><td><strong>FERMETURE D\u2019 \u00c9TABLISSEMENT<\/strong><\/td><td><strong>&nbsp; &nbsp; &nbsp; &nbsp; &nbsp; &nbsp; &nbsp; &nbsp; &nbsp; &nbsp; &nbsp; &nbsp; &nbsp; &nbsp; &nbsp; &nbsp; &nbsp; &nbsp; &nbsp; &nbsp; &nbsp; &nbsp; &nbsp; &nbsp; &nbsp; &nbsp; &nbsp;149, 00 \u20ac HT<\/strong><\/td><\/tr><tr><td><strong>CHANGEMENT DE DIRIGEANTS \/ CAC\/ REPR\u00c9SENTANT PERMANENT<\/strong><\/td><td><strong>&nbsp; &nbsp; &nbsp; &nbsp; &nbsp; &nbsp; &nbsp; &nbsp; &nbsp; &nbsp; &nbsp; &nbsp; &nbsp; &nbsp; &nbsp; &nbsp; &nbsp; &nbsp; &nbsp; &nbsp; &nbsp; &nbsp; &nbsp; &nbsp; &nbsp; &nbsp; &nbsp;449, 00 \u20ac HT<\/strong><\/td><\/tr><tr><td><strong>CHANGEMENT DE D\u00c9NOMINATION&nbsp;\/ SIGLE<\/strong><\/td><td><strong>&nbsp; &nbsp; &nbsp; &nbsp; &nbsp; &nbsp; &nbsp; &nbsp; &nbsp; &nbsp; &nbsp; &nbsp; &nbsp; &nbsp; &nbsp; &nbsp; &nbsp; &nbsp; &nbsp; &nbsp; &nbsp; &nbsp; &nbsp; &nbsp; &nbsp; &nbsp; &nbsp;499, 00 \u20ac HT<\/strong><\/td><\/tr><tr><td><strong>CHANGEMENT D\u2019ACTIVIT\u00c9 (sans changement d\u2019objet social)<\/strong><\/td><td><strong>&nbsp; &nbsp; &nbsp; &nbsp; &nbsp; &nbsp; &nbsp; &nbsp; &nbsp; &nbsp; &nbsp; &nbsp; &nbsp; &nbsp; &nbsp; &nbsp; &nbsp; &nbsp; &nbsp; &nbsp; &nbsp; &nbsp; &nbsp; &nbsp; &nbsp; &nbsp; &nbsp;180, 00 \u20ac HT<\/strong><\/td><\/tr><tr><td><strong>CHANGEMENT D\u2019OBJET (sans changement d\u2019activit\u00e9)<\/strong><\/td><td><strong>&nbsp; &nbsp; &nbsp; &nbsp; &nbsp; &nbsp; &nbsp; &nbsp; &nbsp; &nbsp; &nbsp; &nbsp; &nbsp; &nbsp; &nbsp; &nbsp; &nbsp; &nbsp; &nbsp; &nbsp; &nbsp; &nbsp; &nbsp; &nbsp; &nbsp; &nbsp; &nbsp;180, 00 \u20ac HT<\/strong><\/td><\/tr><tr><td><strong>CHANGEMENT D\u2019OBJET ET D\u2019 ACTIVIT\u00c9<\/strong><\/td><td><strong>&nbsp; &nbsp; &nbsp; &nbsp; &nbsp; &nbsp; &nbsp; &nbsp; &nbsp; &nbsp; &nbsp; &nbsp; &nbsp; &nbsp; &nbsp; &nbsp; &nbsp; &nbsp; &nbsp; &nbsp; &nbsp; &nbsp; &nbsp; &nbsp; &nbsp; &nbsp; &nbsp;180, 00 \u20ac HT<\/strong><\/td><\/tr><tr><td><strong>AUGMENTATION DE CAPITAL *&nbsp;<\/strong><\/td><td><strong>&nbsp; &nbsp; &nbsp; &nbsp; &nbsp; &nbsp; &nbsp; &nbsp; &nbsp; &nbsp; &nbsp; &nbsp; &nbsp; &nbsp; &nbsp; &nbsp; &nbsp; &nbsp; &nbsp; &nbsp; &nbsp; &nbsp; &nbsp; &nbsp; &nbsp; &nbsp; &nbsp;560, 00 \u20ac HT<\/strong><\/td><\/tr><tr><td><strong>R\u00c9DUCTION DE CAPITAL (motiv\u00e9e par des pertes)*<\/strong><\/td><td><strong>&nbsp; &nbsp; &nbsp; &nbsp; &nbsp; &nbsp; &nbsp; &nbsp; &nbsp; &nbsp; &nbsp; &nbsp; &nbsp; &nbsp; &nbsp; &nbsp; &nbsp; &nbsp; &nbsp; &nbsp; &nbsp; &nbsp; &nbsp; &nbsp; &nbsp; &nbsp; &nbsp;490, 00 \u20ac HT<\/strong><\/td><\/tr><tr><td><strong>R\u00c9DUCTION DE CAPITAL&nbsp;(non motiv\u00e9e par des pertes) *<\/strong><\/td><td><strong>&nbsp; &nbsp; &nbsp; &nbsp; &nbsp; &nbsp; &nbsp; &nbsp; &nbsp; &nbsp; &nbsp; &nbsp; &nbsp; &nbsp; &nbsp; &nbsp; &nbsp; &nbsp; &nbsp; &nbsp; &nbsp; &nbsp; &nbsp; &nbsp; &nbsp; &nbsp; &nbsp;490, 00 \u20ac HT<\/strong><\/td><\/tr><tr><td><strong>DISSOLUTION ANTICIP\u00c9E&nbsp;(sans cl\u00f4ture de liquidation)*<\/strong><\/td><td><strong>&nbsp; &nbsp; &nbsp; &nbsp; &nbsp; &nbsp; &nbsp; &nbsp; &nbsp; &nbsp; &nbsp; &nbsp; &nbsp; &nbsp; &nbsp; &nbsp; &nbsp; &nbsp; &nbsp; &nbsp; &nbsp; &nbsp; &nbsp; &nbsp; &nbsp; &nbsp; &nbsp;490, 00 \u20ac HT<\/strong><\/td><\/tr><tr><td><strong>LIQUIDATION&nbsp;(sans dissolution anticip\u00e9e) *<\/strong><\/td><td><strong>&nbsp; &nbsp; &nbsp; &nbsp; &nbsp; &nbsp; &nbsp; &nbsp; &nbsp; &nbsp; &nbsp; &nbsp; &nbsp; &nbsp; &nbsp; &nbsp; &nbsp; &nbsp; &nbsp; &nbsp; &nbsp; &nbsp; &nbsp; &nbsp; &nbsp; &nbsp; &nbsp;295, 00 \u20ac HT<\/strong><\/td><\/tr><tr><td><strong>MISE EN SOMMEIL<\/strong><\/td><td><strong>&nbsp; &nbsp; &nbsp; &nbsp; &nbsp; &nbsp; &nbsp; &nbsp; &nbsp; &nbsp; &nbsp; &nbsp; &nbsp; &nbsp; &nbsp; &nbsp; &nbsp; &nbsp; &nbsp; &nbsp; &nbsp; &nbsp; &nbsp; &nbsp; &nbsp; &nbsp; &nbsp;250, 00 \u20ac HT<\/strong><\/td><\/tr><tr><td><strong>TRANSFORMATION *<\/strong><\/td><td><strong>&nbsp; &nbsp; &nbsp; &nbsp; &nbsp; &nbsp; &nbsp; &nbsp; &nbsp; &nbsp; &nbsp; &nbsp; &nbsp; &nbsp; &nbsp; &nbsp; &nbsp; &nbsp; &nbsp; &nbsp; &nbsp; &nbsp; &nbsp; &nbsp; &nbsp; &nbsp; &nbsp;650, 00 \u20ac HT<\/strong><\/td><\/tr><tr><td><strong>PROROGATION DE DUR\u00c9E *<\/strong><\/td><td><strong>&nbsp; &nbsp; &nbsp; &nbsp; &nbsp; &nbsp; &nbsp; &nbsp; &nbsp; &nbsp; &nbsp; &nbsp; &nbsp; &nbsp; &nbsp; &nbsp; &nbsp; &nbsp; &nbsp; &nbsp; &nbsp; &nbsp; &nbsp; &nbsp; &nbsp; &nbsp; &nbsp;385, 00 \u20ac HT<\/strong><\/td><\/tr><tr><td><strong>D\u00c9P\u00d4T DES COMPTES ANNUELS<\/strong><\/td><td><strong>&nbsp; &nbsp; &nbsp; &nbsp; &nbsp; &nbsp; &nbsp; &nbsp; &nbsp; &nbsp; &nbsp; &nbsp; &nbsp; &nbsp; &nbsp; &nbsp; &nbsp; &nbsp; &nbsp; &nbsp; &nbsp; &nbsp; &nbsp; &nbsp; &nbsp; &nbsp; &nbsp; &nbsp;99,00 \u20ac HT<\/strong><\/td><\/tr><tr><td>&nbsp;<\/td><td><strong>&nbsp; &nbsp; &nbsp; &nbsp; &nbsp; &nbsp; &nbsp; &nbsp; &nbsp; &nbsp; &nbsp; &nbsp; &nbsp; &nbsp; &nbsp; &nbsp; &nbsp; &nbsp; &nbsp; &nbsp; &nbsp; &nbsp; &nbsp; &nbsp; &nbsp; &nbsp; &nbsp;&nbsp;<\/strong><strong>&nbsp;<\/strong><\/td><\/tr><\/tbody><\/table><\/figure>\n\n\n\n<p><\/p>\n\n\n\n<div class=\"wp-block-buttons is-layout-flex wp-block-buttons-is-layout-flex\">\n<div class=\"wp-block-button\"><a class=\"wp-block-button__link wp-element-button\" href=\"http:\/\/axecibleformalite.com\/index.php\/liste-des-pieces-2\/\">LISTE DES PIECES<\/a><\/div>\n<\/div>\n\n\n\n<p class=\"has-background-fourth-background-color has-background has-x-large-font-size\">CONSULTATIONS<\/p>\n\n\n\n<figure class=\"wp-block-table\"><table class=\"has-fixed-layout\"><tbody><tr><td><strong>CONSEIL PATRIMONIAL<\/strong><\/td><td><strong>&nbsp; &nbsp; &nbsp; &nbsp; &nbsp; &nbsp; &nbsp; &nbsp; &nbsp; &nbsp; &nbsp; &nbsp; &nbsp; &nbsp; &nbsp; &nbsp; &nbsp; &nbsp; &nbsp; &nbsp; &nbsp; &nbsp;100, 00 \u20ac HT \/ HEURE avec minimum de 50 \u20ac <\/strong><\/td><\/tr><tr><td><strong>LCB- FT <\/strong><\/td><td><strong>&nbsp; &nbsp; &nbsp; &nbsp; &nbsp; &nbsp; &nbsp; &nbsp; &nbsp; &nbsp; &nbsp; &nbsp; &nbsp; &nbsp; &nbsp; &nbsp; &nbsp; &nbsp; &nbsp; &nbsp; &nbsp;&nbsp;<strong> &nbsp;100, 00 \u20ac HT \/ HEURE avec minimum de 50 \u20ac<\/strong><\/strong><\/td><\/tr><tr><td><strong>FORMATIONS avec un minimum de 6 personnes<\/strong><\/td><td><strong>&nbsp; &nbsp; &nbsp; &nbsp; &nbsp; &nbsp; &nbsp; &nbsp; &nbsp; &nbsp; &nbsp; &nbsp; &nbsp; &nbsp; &nbsp; &nbsp; &nbsp; &nbsp; &nbsp; &nbsp; &nbsp; &nbsp;190, 00 \u20ac HT par personne  \/ sur devis<\/strong><\/td><\/tr><tr><td><strong>TRANSMISSION AU CABINET D&rsquo;AVOCAT&nbsp; &nbsp; &nbsp; &nbsp; &nbsp; &nbsp; &nbsp; &nbsp; &nbsp; &nbsp; &nbsp; &nbsp; &nbsp; &nbsp; &nbsp; &nbsp; &nbsp; &nbsp; &nbsp; &nbsp; &nbsp; &nbsp; &nbsp; &nbsp; &nbsp; &nbsp; &nbsp; &nbsp; &nbsp;&nbsp;<\/strong><\/td><td><strong>&nbsp; &nbsp; &nbsp; &nbsp; &nbsp; &nbsp; &nbsp; &nbsp; &nbsp; &nbsp; &nbsp;                      Sur devis avec un minimum de 50 \u20ac HT<\/strong> <\/td><\/tr><tr><td><\/td><td>&nbsp;<\/td><\/tr><\/tbody><\/table><\/figure>\n\n\n\n<div class=\"wp-block-buttons is-layout-flex wp-block-buttons-is-layout-flex\">\n<div class=\"wp-block-button\"><a class=\"wp-block-button__link wp-element-button\">LISTE DES PIECES<\/a><\/div>\n<\/div>\n<\/div><\/div>\n\n\n\n<div class=\"wp-block-cover\"><img alt=\"\" decoding=\"async\" width=\"275\" height=\"183\" class=\"wp-block-cover__image-background wp-image-327\" alt=\"\" src=\"http:\/\/axecibleformalite.com\/wp-content\/uploads\/2025\/08\/images-2.jpg\" data-object-fit=\"cover\"\/><span aria-hidden=\"true\" class=\"wp-block-cover__background has-background-dim\"><\/span><div class=\"wp-block-cover__inner-container is-layout-flow wp-block-cover-is-layout-flow\">\n<p class=\"has-text-align-center has-large-font-size\">MERCI DE NE PAS OUBLIER DE CLIQUER SUR LE LIEN CI DESSOUS<\/p>\n<\/div><\/div>\n\n\n\n<p><\/p>\n\n\n\n<div class=\"wp-block-buttons is-content-justification-center is-layout-flex wp-container-core-buttons-is-layout-a89b3969 wp-block-buttons-is-layout-flex\">\n<div class=\"wp-block-button\"><a class=\"wp-block-button__link wp-element-button\" href=\"http:\/\/axecibleformalite.com\/index.php\/bon-pour-pouvoir\/\">BON POUR POUVOIR AX&amp;CIBLE<\/a><\/div>\n<\/div>\n","protected":false},"excerpt":{"rendered":"<p>*Tous nos tarifs s&rsquo;entendent nets de parution l\u00e9gale. Depuis un arr\u00eat\u00e9 du 19 novembre 2021, un&nbsp;montant forfaitaire&nbsp;a \u00e9t\u00e9 d\u00e9termin\u00e9 au sujet de&nbsp;la publication&nbsp;des annonces relatives \u00e0 la cr\u00e9ation d\u2019entreprise dans un support d\u2019annonces l\u00e9gales.<\/p>\n","protected":false},"author":1,"featured_media":0,"parent":0,"menu_order":0,"comment_status":"closed","ping_status":"closed","template":"","meta":{"_seopress_robots_primary_cat":"","_seopress_titles_title":"","_seopress_titles_desc":"","_seopress_robots_index":"","footnotes":""},"class_list":["post-198","page","type-page","status-publish","hentry"],"_links":{"self":[{"href":"https:\/\/axecibleformalite.com\/index.php\/wp-json\/wp\/v2\/pages\/198","targetHints":{"allow":["GET"]}}],"collection":[{"href":"https:\/\/axecibleformalite.com\/index.php\/wp-json\/wp\/v2\/pages"}],"about":[{"href":"https:\/\/axecibleformalite.com\/index.php\/wp-json\/wp\/v2\/types\/page"}],"author":[{"embeddable":true,"href":"https:\/\/axecibleformalite.com\/index.php\/wp-json\/wp\/v2\/users\/1"}],"replies":[{"embeddable":true,"href":"https:\/\/axecibleformalite.com\/index.php\/wp-json\/wp\/v2\/comments?post=198"}],"version-history":[{"count":30,"href":"https:\/\/axecibleformalite.com\/index.php\/wp-json\/wp\/v2\/pages\/198\/revisions"}],"predecessor-version":[{"id":408,"href":"https:\/\/axecibleformalite.com\/index.php\/wp-json\/wp\/v2\/pages\/198\/revisions\/408"}],"wp:attachment":[{"href":"https:\/\/axecibleformalite.com\/index.php\/wp-json\/wp\/v2\/media?parent=198"}],"curies":[{"name":"wp","href":"https:\/\/api.w.org\/{rel}","templated":true}]}}