{"id":33,"date":"2025-05-29T08:54:14","date_gmt":"2025-05-29T06:54:14","guid":{"rendered":"http:\/\/axecibleformalite.com\/?page_id=33"},"modified":"2025-09-10T16:28:18","modified_gmt":"2025-09-10T14:28:18","slug":"vos-formalites","status":"publish","type":"page","link":"https:\/\/axecibleformalite.com\/index.php\/vos-formalites\/","title":{"rendered":"VOS FORMALITES"},"content":{"rendered":"\n<p class=\"has-background-secundary-color has-text-color has-link-color has-large-font-size wp-elements-cb4157e7ee31fcaff5175da8c21a3b91\"><strong>CREER VOTRE ENTREPRISE<\/strong><\/p>\n\n\n\n<p><\/p>\n\n\n\n<div class=\"wp-block-media-text is-stacked-on-mobile\"><figure class=\"wp-block-media-text__media\"><img alt=\"\" fetchpriority=\"high\" decoding=\"async\" width=\"658\" height=\"526\" src=\"http:\/\/axecibleformalite.com\/wp-content\/uploads\/2025\/08\/tour-eiffel-contruction-1888-1.webp\" alt=\"\" class=\"wp-image-265 size-full\" srcset=\"https:\/\/axecibleformalite.com\/wp-content\/uploads\/2025\/08\/tour-eiffel-contruction-1888-1.webp 658w, https:\/\/axecibleformalite.com\/wp-content\/uploads\/2025\/08\/tour-eiffel-contruction-1888-1-300x240.webp 300w\" sizes=\"(max-width: 658px) 100vw, 658px\" \/><\/figure><div class=\"wp-block-media-text__content\">\n<p>Notre cabinet regroupe des juristes sp\u00e9cialis\u00e9s en cr\u00e9ation d&rsquo;entreprise et est partenaire d&rsquo;avocats \u00e0 votre \u00e9coute pour vous guider dans la cr\u00e9ation de votre future entreprise. Nous sommes \u00e0 vos c\u00f4t\u00e9s pour vous prodiguer les bons conseils pour adapter le statut d&rsquo;entreprise correspondant \u00e0 votre projet. Nous vous accompagnerons dans les d\u00e9marches de protection du futur chef d&rsquo;entreprise et de sa famille, nous vous pr\u00e9senterons vos projets de statuts et r\u00e9aliserons l&rsquo;int\u00e9gralit\u00e9 des formalit\u00e9s (domiciliation, parutions l\u00e9gales, d\u00e9p\u00f4t de capital \u00e9ventuel etc&#8230;)<\/p>\n<\/div><\/div>\n\n\n\n<div class=\"wp-block-buttons is-content-justification-right is-layout-flex wp-container-core-buttons-is-layout-d445cf74 wp-block-buttons-is-layout-flex\">\n<div class=\"wp-block-button\"><a class=\"wp-block-button__link wp-element-button\" href=\"https:\/\/axecibleformalite.com\/index.php\/parcours-creation\/\">Je veux cr\u00e9er mon entreprise<\/a><\/div>\n<\/div>\n\n\n\n<p><\/p>\n\n\n\n<p><\/p>\n\n\n\n<p><\/p>\n\n\n\n<p><\/p>\n\n\n\n<p><\/p>\n\n\n\n<p><\/p>\n\n\n\n<p><\/p>\n\n\n\n<p class=\"has-background-secundary-color has-text-color has-link-color has-large-font-size wp-elements-b9a932eb046fc6d06f98b2a082a0a309\"><strong>APPROUVER VOS COMPTES<\/strong><\/p>\n\n\n\n<p>D\u00e9tenir une entreprise vous conf\u00e8res des droits et des devoirs. Un de ces devoirs consiste, pour le chef d&rsquo;entreprise, \u00e0 faire r\u00e9aliser une comptabilit\u00e9 annuelle par une personne en capacit\u00e9 de r\u00e9pondre \u00e0 cette obligation.<\/p>\n\n\n\n<div class=\"wp-block-cover\"><img alt=\"\" decoding=\"async\" width=\"1000\" height=\"400\" class=\"wp-block-cover__image-background wp-image-268\" alt=\"\" src=\"http:\/\/axecibleformalite.com\/wp-content\/uploads\/2025\/08\/image_full_text_71-1.png\" data-object-fit=\"cover\" srcset=\"https:\/\/axecibleformalite.com\/wp-content\/uploads\/2025\/08\/image_full_text_71-1.png 1000w, https:\/\/axecibleformalite.com\/wp-content\/uploads\/2025\/08\/image_full_text_71-1-300x120.png 300w, https:\/\/axecibleformalite.com\/wp-content\/uploads\/2025\/08\/image_full_text_71-1-768x307.png 768w\" sizes=\"(max-width: 1000px) 100vw, 1000px\" \/><span aria-hidden=\"true\" class=\"wp-block-cover__background has-background-dim\"><\/span><div class=\"wp-block-cover__inner-container is-layout-flow wp-block-cover-is-layout-flow\">\n<p class=\"has-text-align-center has-large-font-size\"> Le chef d&rsquo;entreprise doit se r\u00e9unir (avec ses \u00e9ventuels partenaires) pour approuver les comptes. Cette r\u00e9union annuelle est obligatoire pour pr\u00e9senter \u00e0 tous les associ\u00e9s (ou actionnaires) le bilan de l&rsquo;ann\u00e9e, et envisager de distribuer, ou non, des revenus compl\u00e9mentaires.<\/p>\n<\/div><\/div>\n\n\n\n<p>Toutefois il peu aussi se produire des pertes qu&rsquo;il faut savoir g\u00e9rer. Notre cabinet est \u00e0 vos c\u00f4t\u00e9s pour vous guider, r\u00e9diger les documents l\u00e9gaux et les d\u00e9poser dans les temps aupr\u00e8s des organismes concern\u00e9s.<\/p>\n\n\n\n<div class=\"wp-block-buttons is-content-justification-right is-layout-flex wp-container-core-buttons-is-layout-d445cf74 wp-block-buttons-is-layout-flex\">\n<div class=\"wp-block-button\"><a class=\"wp-block-button__link wp-element-button\" href=\"https:\/\/axecibleformalite.com\/index.php\/approuver-des-comptes\/\">Je veux approuver mes comptes<\/a><\/div>\n<\/div>\n\n\n\n<p><\/p>\n\n\n\n<p><\/p>\n\n\n\n<p><\/p>\n\n\n\n<p class=\"has-background-secundary-color has-text-color has-link-color has-large-font-size wp-elements-81256efa3fbf8acae086a438a25c1c51\"><strong>VIE DE L&rsquo;ENTREPRISE<\/strong><\/p>\n\n\n\n<p class=\"has-text-color-color has-text-color has-link-color has-medium-font-size wp-elements-26d8d22b814de3f8f263f5139ba25485\">La vie d&rsquo;une entreprise est compos\u00e9e de plusieurs phases:<\/p>\n\n\n\n<p><\/p>\n\n\n\n<div class=\"wp-block-columns alignwide is-layout-flex wp-container-core-columns-is-layout-28f84493 wp-block-columns-is-layout-flex\">\n<div class=\"wp-block-column is-layout-flow wp-block-column-is-layout-flow\" style=\"flex-basis:25%\">\n<div class=\"wp-block-cover\"><img decoding=\"async\" class=\"wp-block-cover__image-background\" alt=\"Vue de pr\u00e8s d\u2019un d\u00e9tail architectural.\" src=\"https:\/\/s.w.org\/images\/core\/5.8\/architecture-01.jpg\" data-object-fit=\"cover\"\/><span aria-hidden=\"true\" class=\"wp-block-cover__background has-background-dim\"><\/span><div class=\"wp-block-cover__inner-container is-layout-flow wp-block-cover-is-layout-flow\">\n<p class=\"has-text-align-center has-medium-font-size\" style=\"margin-top:0;margin-bottom:0\"><em>Tout d&rsquo;abord la phase de <strong>CREATION<\/strong> (ou de reprise d&rsquo;une pr\u00e9c\u00e9dente entreprise): Cette phase est souvent consid\u00e9r\u00e9e comme la plus basique et on imagine souvent \u00e0 tort, qu&rsquo;elle doit \u00eatre le moins co\u00fbteuse. En effet le chef d&rsquo;entreprise \u00e0 souvent en t\u00eate son projet, le v\u00e9hicule lui permettant d&rsquo;aboutir son projet est bien souvent annexe.<\/em> Malheureusement la cr\u00e9ation d&rsquo;une entreprise devrait \u00eatre assimil\u00e9e \u00e0 des fondations. De ses statuts d\u00e9pendra la future vie du chef d&rsquo;entreprise ( la simplicit\u00e9 ou la complexit\u00e9 de ses formalit\u00e9s, la fiscalit\u00e9 lui permettant de d\u00e9gager des revenus, et le premier socle pour l&rsquo;\u00e9volution de cette entreprise).<\/p>\n\n\n\n<p class=\"has-text-align-center has-large-font-size\"><strong>Nous sommes \u00e0 vos c\u00f4t\u00e9s pour envisager votre avenir.<\/strong><\/p>\n<\/div><\/div>\n<\/div>\n\n\n\n<div class=\"wp-block-column is-layout-flow wp-block-column-is-layout-flow\" style=\"flex-basis:25%\">\n<div style=\"height:300px\" aria-hidden=\"true\" class=\"wp-block-spacer\"><\/div>\n\n\n\n<div style=\"height:150px\" aria-hidden=\"true\" class=\"wp-block-spacer\"><\/div>\n\n\n\n<div class=\"wp-block-cover\"><img decoding=\"async\" class=\"wp-block-cover__image-background\" alt=\"D\u00e9tail d\u2019une fen\u00eatre d\u2019un immeuble blanc.\" src=\"https:\/\/s.w.org\/images\/core\/5.8\/architecture-02.jpg\" data-object-fit=\"cover\"\/><span aria-hidden=\"true\" class=\"wp-block-cover__background has-background-dim\"><\/span><div class=\"wp-block-cover__inner-container is-layout-flow wp-block-cover-is-layout-flow\">\n<p class=\"has-text-align-center has-medium-font-size\">Apparait ensuite la phase de <strong>TRANSMISSION <\/strong>ou d&rsquo;arr\u00eat. Toute personne physique est vou\u00e9e \u00e0 laisser les cl\u00e9s de son entreprise. En effet, sauf dissolution anticip\u00e9e, cette personne morale est constitu\u00e9e pour 99 ans alors que l&rsquo;\u00e2ge de la retraite est fix\u00e9e \u00e0 un \u00e2ge bien plus avanc\u00e9. Il faut donc transmettre l&rsquo;outil qui a \u00e9t\u00e9 fa\u00e7onn\u00e9. Que ce soit \u00e0 des proches ou \u00e0 des descendants, cette transmission \u00e0 des cons\u00e9quences fiscales, bien souvent. Certains changent les r\u00e9gimes statutaires au dernier moment, au risque de se voir requalifier en op\u00e9ration purement fiscale. La transmission d&rsquo;entreprise se pense entre 10 ans et 5 ans avec la transmission effective de cette derni\u00e8re.<\/p>\n\n\n\n<p class=\"has-text-align-center has-large-font-size\"><strong>Nous sommes \u00e0 vos c\u00f4t\u00e9s pour solutionner les aspects fiscaux et financiers de ces op\u00e9rations.<\/strong><\/p>\n<\/div><\/div>\n<\/div>\n\n\n\n<div class=\"wp-block-column is-layout-flow wp-block-column-is-layout-flow\" style=\"flex-basis:45%\">\n<div class=\"wp-block-cover\"><img decoding=\"async\" class=\"wp-block-cover__image-background\" alt=\"D\u00e9tail du coin d\u2019un immeuble blanc avec des points saillants et des coins arrondis.\" src=\"https:\/\/s.w.org\/images\/core\/5.8\/architecture-03.jpg\" data-object-fit=\"cover\"\/><span aria-hidden=\"true\" class=\"wp-block-cover__background has-background-dim\"><\/span><div class=\"wp-block-cover__inner-container is-layout-flow wp-block-cover-is-layout-flow\">\n<p class=\"has-text-align-center has-medium-font-size\">Vient ensuite la phase d&rsquo;<strong>EVOLUTION<\/strong> de l&rsquo;entreprise. Au cours de cette phase, l&rsquo;entreprise se stabilise, les revenus ainsi que ses imp\u00f4ts augmentent. La vie du chef d&rsquo;entreprise s&rsquo;en voit souvent affect\u00e9e. C&rsquo;est aussi au cours de cette phase que le chef d&rsquo;entreprise \u00e0 tendance \u00e0 recruter des personnes cl\u00e9s afin de mieux optimiser son temps sur la vie de son entreprise. Au cours de cette phase, bien des changements sont observ\u00e9s et il faut compenser des formalit\u00e9s qui n&rsquo;ont pas \u00e9t\u00e9 pens\u00e9es lors de la phase de cr\u00e9ation. Il en r\u00e9sulte souvent un surco\u00fbt ainsi qu&rsquo;un moment chronophage.<\/p>\n\n\n\n<p class=\"has-text-align-center has-large-font-size\"><strong>Nous sommes \u00e0 vos c\u00f4t\u00e9s pour vous faire profiter de notre savoir.<\/strong><\/p>\n<\/div><\/div>\n\n\n\n<div style=\"height:285px\" aria-hidden=\"true\" class=\"wp-block-spacer\"><\/div>\n<\/div>\n<\/div>\n\n\n\n<p><\/p>\n\n\n\n<p><\/p>\n\n\n\n<p><\/p>\n\n\n\n<p><\/p>\n\n\n\n<p><\/p>\n\n\n\n<p><\/p>\n","protected":false},"excerpt":{"rendered":"<p>CREER VOTRE ENTREPRISE Notre cabinet regroupe des juristes sp\u00e9cialis\u00e9s en cr\u00e9ation d&rsquo;entreprise et est partenaire d&rsquo;avocats \u00e0 votre \u00e9coute pour vous guider dans la cr\u00e9ation de votre future entreprise. Nous sommes \u00e0 vos c\u00f4t\u00e9s pour vous prodiguer les bons conseils pour adapter le statut d&rsquo;entreprise correspondant \u00e0 votre projet. Nous vous accompagnerons dans les d\u00e9marches [&hellip;]<\/p>\n","protected":false},"author":1,"featured_media":0,"parent":0,"menu_order":0,"comment_status":"closed","ping_status":"closed","template":"","meta":{"_seopress_robots_primary_cat":"","_seopress_titles_title":"","_seopress_titles_desc":"","_seopress_robots_index":"","footnotes":""},"class_list":["post-33","page","type-page","status-publish","hentry"],"_links":{"self":[{"href":"https:\/\/axecibleformalite.com\/index.php\/wp-json\/wp\/v2\/pages\/33","targetHints":{"allow":["GET"]}}],"collection":[{"href":"https:\/\/axecibleformalite.com\/index.php\/wp-json\/wp\/v2\/pages"}],"about":[{"href":"https:\/\/axecibleformalite.com\/index.php\/wp-json\/wp\/v2\/types\/page"}],"author":[{"embeddable":true,"href":"https:\/\/axecibleformalite.com\/index.php\/wp-json\/wp\/v2\/users\/1"}],"replies":[{"embeddable":true,"href":"https:\/\/axecibleformalite.com\/index.php\/wp-json\/wp\/v2\/comments?post=33"}],"version-history":[{"count":22,"href":"https:\/\/axecibleformalite.com\/index.php\/wp-json\/wp\/v2\/pages\/33\/revisions"}],"predecessor-version":[{"id":649,"href":"https:\/\/axecibleformalite.com\/index.php\/wp-json\/wp\/v2\/pages\/33\/revisions\/649"}],"wp:attachment":[{"href":"https:\/\/axecibleformalite.com\/index.php\/wp-json\/wp\/v2\/media?parent=33"}],"curies":[{"name":"wp","href":"https:\/\/api.w.org\/{rel}","templated":true}]}}