{"id":38,"date":"2025-06-15T11:58:10","date_gmt":"2025-06-15T09:58:10","guid":{"rendered":"http:\/\/axecibleformalite.com\/?page_id=38"},"modified":"2025-08-24T17:09:21","modified_gmt":"2025-08-24T15:09:21","slug":"nos-prestations","status":"publish","type":"page","link":"https:\/\/axecibleformalite.com\/index.php\/nos-prestations\/","title":{"rendered":"NOS PRESTATIONS"},"content":{"rendered":"\n<p>Les cabinet Ax&amp;cible vous propose un large choix de prestations car son leitmotiv est de vous accompagner quels que soient vos choix et vos d\u00e9cisions. Nous ne souhaitons pas \u00eatre seulement un prestataire de service, mais devenir un r\u00e9f\u00e9rent \u00e0 la r\u00e9solutions de vos probl\u00e9matiques.<\/p>\n\n\n\n<p><\/p>\n\n\n\n<p><\/p>\n\n\n\n<p class=\"has-background-sixth-color has-text-color has-link-color has-medium-font-size wp-elements-9522e8a2a9d648cd90cc0ba363f6b733\">LA CREATION D&rsquo;ENTREPRISE: Un service \u00e0 la carte, ou cl\u00e9 en main<\/p>\n\n\n\n<div class=\"wp-block-media-text is-stacked-on-mobile\"><figure class=\"wp-block-media-text__media\"><img alt=\"\" fetchpriority=\"high\" decoding=\"async\" width=\"848\" height=\"566\" src=\"http:\/\/axecibleformalite.com\/wp-content\/uploads\/2025\/08\/Les-formations-pour-creer-son-entreprise.jpg\" alt=\"\" class=\"wp-image-225 size-full\" srcset=\"https:\/\/axecibleformalite.com\/wp-content\/uploads\/2025\/08\/Les-formations-pour-creer-son-entreprise.jpg 848w, https:\/\/axecibleformalite.com\/wp-content\/uploads\/2025\/08\/Les-formations-pour-creer-son-entreprise-300x200.jpg 300w, https:\/\/axecibleformalite.com\/wp-content\/uploads\/2025\/08\/Les-formations-pour-creer-son-entreprise-768x513.jpg 768w\" sizes=\"(max-width: 848px) 100vw, 848px\" \/><\/figure><div class=\"wp-block-media-text__content\">\n<p>Au sein du cabinet Ax&amp;cible, le volet Cr\u00e9ation d&rsquo;Entreprise correspond \u00e0 un service \u00e0 la carte.<\/p>\n\n\n\n<p>Pour ce faire nous vous proposes des prestations concernant la cr\u00e9ation de votre l&rsquo;entreprise, notamment dans le choix des statuts . Lorsque ce dernier est ent\u00e9rin\u00e9, nous nous chargeons de la r\u00e9dactions de ces derniers en les personnalisant puisque nous y incluons des clauses qui vous sont propres.<\/p>\n\n\n\n<p>Nous sommes  aussi \u00e0 vos c\u00f4t\u00e9s concernant le volet gouvernance de l&rsquo;entreprise, volet qui est souvent m\u00e9connu mais pourtant tout aussi essentiel.<\/p>\n\n\n\n<p>Lorsque vous avez avalis\u00e9 ces \u00e9tapes, nous nous chargeons des formalit\u00e9s de cr\u00e9ations , y compris en vous accompagnant sur la cr\u00e9ation des comptes bancaires et de capitaux mais aussi sur le volet de l&rsquo;assurance Responsabilit\u00e9s Civiles incombant de votre activit\u00e9.<\/p>\n\n\n\n<p><\/p>\n<\/div><\/div>\n\n\n\n<p><\/p>\n\n\n\n<p><\/p>\n\n\n\n<p><\/p>\n\n\n\n<p><\/p>\n\n\n\n<p><\/p>\n\n\n\n<p><\/p>\n\n\n\n<p><\/p>\n\n\n\n<p class=\"has-background-sixth-color has-text-color has-link-color has-medium-font-size wp-elements-ee8a012320e3b109ea053ebd678ae1bc\">LES FORMALITES D&rsquo;ENTREPRISE:  Notre vision plus large<\/p>\n\n\n\n<div class=\"wp-block-media-text has-media-on-the-right is-stacked-on-mobile\"><div class=\"wp-block-media-text__content\">\n<p>Les collaborateurs du cabinet Ax&amp;cible ont v\u00e9cus les diff\u00e9rentes phases de ces formalit\u00e9s et c&rsquo;est fort de ces exp\u00e9riences que le cabinet vous propose un service cl\u00e9 en main. Le cabinet se pose donc en partenaire du chef d&rsquo;entreprise mais aussi de votre expert comptable.<\/p>\n\n\n\n<p>Souhaiter faire vivre son entreprise implique de faire r\u00e9aliser des t\u00e2ches annuelles r\u00e9alisables par les partenaires qualifi\u00e9s de votre choix. Efficacit\u00e9 et simplicit\u00e9 guident souvent le choix d&rsquo;entreprise. Aussi, puisque notre cabinet \u00e0 une vision plus large de vos activit\u00e9s quotidienne, nous saurons r\u00e9aliser toutes formalit\u00e9s administratives mais aussi g\u00e9rer les incidences \u00e9ventuelles autres que celles de vos obligations. Nos formalit\u00e9s incluent souvent les ren\u00e9gociations des contrats d&rsquo;assurance, mais aussi bancaires qui d\u00e9coulent de vos r\u00e9sultats. Ces \u00e9l\u00e9ments, pourtant fondamentaux aux chefs d&rsquo;entreprises ne sont revus par ce dernier que lorsque le chef d&rsquo;entreprise a la n\u00e9cessiter de les utiliser. Nous sommes donc \u00e0 vos c\u00f4t\u00e9s pour tirer le meilleur avantage de la situation issue de vos obligations de formalit\u00e9s.<\/p>\n\n\n\n<p><\/p>\n<\/div><figure class=\"wp-block-media-text__media\"><img alt=\"\" decoding=\"async\" width=\"800\" height=\"556\" src=\"http:\/\/axecibleformalite.com\/wp-content\/uploads\/2025\/08\/avis-d-expert-40611691.webp\" alt=\"\" class=\"wp-image-230 size-full\" srcset=\"https:\/\/axecibleformalite.com\/wp-content\/uploads\/2025\/08\/avis-d-expert-40611691.webp 800w, https:\/\/axecibleformalite.com\/wp-content\/uploads\/2025\/08\/avis-d-expert-40611691-300x209.webp 300w, https:\/\/axecibleformalite.com\/wp-content\/uploads\/2025\/08\/avis-d-expert-40611691-768x534.webp 768w\" sizes=\"(max-width: 800px) 100vw, 800px\" \/><\/figure><\/div>\n\n\n\n<p><\/p>\n\n\n\n<p><\/p>\n\n\n\n<p><\/p>\n\n\n\n<p><\/p>\n\n\n\n<p><\/p>\n\n\n\n<p class=\"has-background-sixth-color has-text-color has-link-color has-medium-font-size wp-elements-572bf185c5cbe1d1a66faae61248c625\"><\/p>\n\n\n\n<p><\/p>\n\n\n\n<p class=\"has-background-sixth-color has-text-color has-link-color has-medium-font-size wp-elements-3cb08d5d14b9a3b43d57934111cf8e84\">ASSISTANCE AU CHEF D&rsquo;ENTREPRISE<\/p>\n\n\n\n<p><\/p>\n\n\n\n<div class=\"wp-block-media-text alignwide has-media-on-the-right is-stacked-on-mobile\" style=\"grid-template-columns:auto 73%\"><div class=\"wp-block-media-text__content\">\n<p>Nous avons conscience que le chef d&rsquo;entreprise est un individu extraordinaire mais \u00e0 l&rsquo;impossible nul n&rsquo;est tenu. Aussi malgr\u00e9 toute sa volont\u00e9, un chef d&rsquo;entreprise ne reste qu&rsquo;un \u00eatre humain qui joue le r\u00f4le de chef d&rsquo;orchestre au sein de son activit\u00e9. Sa n\u00e9cessit\u00e9 premi\u00e8re: savoir d\u00e9l\u00e9guer. Oui l&rsquo;union fait la force. M\u00eame s&rsquo;il remplis tr\u00e8s bien ces t\u00e2ches au sein de l&rsquo;entreprise, cet individu est le premier expos\u00e9 aux difficult\u00e9s inh\u00e9rentes \u00e0 la vie de son entreprise et ce, d\u00e8s la phase de cr\u00e9ation. Bien souvent, la vie du chef d&rsquo;entreprise est nantie pour les besoins de son activit\u00e9, pourtant, il existe des solutions (et une plus r\u00e9cemment depuis 2007) qui sont peu usuelles en France bien qu&rsquo;elles soient tr\u00e8s efficaces.<\/p>\n<\/div><figure class=\"wp-block-media-text__media\"><img alt=\"\" decoding=\"async\" width=\"1024\" height=\"538\" src=\"http:\/\/axecibleformalite.com\/wp-content\/uploads\/2025\/08\/frais-bancaires-le-classement-des-meilleures-banques-pour-les-chefs-d-entreprise-1024x538.jpg\" alt=\"\" class=\"wp-image-233 size-full\" srcset=\"https:\/\/axecibleformalite.com\/wp-content\/uploads\/2025\/08\/frais-bancaires-le-classement-des-meilleures-banques-pour-les-chefs-d-entreprise-1024x538.jpg 1024w, https:\/\/axecibleformalite.com\/wp-content\/uploads\/2025\/08\/frais-bancaires-le-classement-des-meilleures-banques-pour-les-chefs-d-entreprise-300x158.jpg 300w, https:\/\/axecibleformalite.com\/wp-content\/uploads\/2025\/08\/frais-bancaires-le-classement-des-meilleures-banques-pour-les-chefs-d-entreprise-768x403.jpg 768w, https:\/\/axecibleformalite.com\/wp-content\/uploads\/2025\/08\/frais-bancaires-le-classement-des-meilleures-banques-pour-les-chefs-d-entreprise.jpg 1200w\" sizes=\"(max-width: 1024px) 100vw, 1024px\" \/><\/figure><\/div>\n\n\n\n<p>Alors que le cabinet d&rsquo;expertise comptable a souvent  tendance \u00e0 se pr\u00e9occuper du bien \u00eatre de l&rsquo;entreprise,  par manque ce temps, l&rsquo;entrepreneur, lui,  se sent seul et isol\u00e9 face \u00e0 ses probl\u00e9matiques propres <\/p>\n\n\n\n<p><\/p>\n\n\n\n<p><\/p>\n\n\n\n<p><\/p>\n\n\n\n<p><\/p>\n\n\n\n<p><\/p>\n\n\n\n<p><\/p>\n\n\n\n<p><\/p>\n\n\n\n<p><\/p>\n\n\n\n<div class=\"wp-block-cover\" style=\"min-height:621px;aspect-ratio:unset;\"><img alt=\"\" loading=\"lazy\" decoding=\"async\" width=\"800\" height=\"534\" class=\"wp-block-cover__image-background wp-image-234\" alt=\"\" src=\"http:\/\/axecibleformalite.com\/wp-content\/uploads\/2025\/08\/concept-de-consultation-d-entreprise-de-services-de-soutien-d-avis-d-expert-98129276.webp\" data-object-fit=\"cover\" srcset=\"https:\/\/axecibleformalite.com\/wp-content\/uploads\/2025\/08\/concept-de-consultation-d-entreprise-de-services-de-soutien-d-avis-d-expert-98129276.webp 800w, https:\/\/axecibleformalite.com\/wp-content\/uploads\/2025\/08\/concept-de-consultation-d-entreprise-de-services-de-soutien-d-avis-d-expert-98129276-300x200.webp 300w, https:\/\/axecibleformalite.com\/wp-content\/uploads\/2025\/08\/concept-de-consultation-d-entreprise-de-services-de-soutien-d-avis-d-expert-98129276-768x513.webp 768w\" sizes=\"(max-width: 800px) 100vw, 800px\" \/><span aria-hidden=\"true\" class=\"wp-block-cover__background has-background-dim\"><\/span><div class=\"wp-block-cover__inner-container is-layout-flow wp-block-cover-is-layout-flow\">\n<p class=\"has-text-align-center has-large-font-size\">Le cabinet Ax&amp;cible dispose d&rsquo;un p\u00f4le patrimonial d\u00e9di\u00e9 aux besoins et \u00e0 la protection du chef d&rsquo;entreprise. Ensemble, vous \u00eates plus fort.<\/p>\n<\/div><\/div>\n\n\n\n\n\n<p><\/p>\n\n\n\n<p><\/p>\n\n\n\n<p><\/p>\n","protected":false},"excerpt":{"rendered":"<p>Les cabinet Ax&amp;cible vous propose un large choix de prestations car son leitmotiv est de vous accompagner quels que soient vos choix et vos d\u00e9cisions. Nous ne souhaitons pas \u00eatre seulement un prestataire de service, mais devenir un r\u00e9f\u00e9rent \u00e0 la r\u00e9solutions de vos probl\u00e9matiques. LA CREATION D&rsquo;ENTREPRISE: Un service \u00e0 la carte, ou cl\u00e9 [&hellip;]<\/p>\n","protected":false},"author":1,"featured_media":0,"parent":0,"menu_order":0,"comment_status":"closed","ping_status":"closed","template":"","meta":{"_seopress_robots_primary_cat":"","_seopress_titles_title":"","_seopress_titles_desc":"","_seopress_robots_index":"","footnotes":""},"class_list":["post-38","page","type-page","status-publish","hentry"],"_links":{"self":[{"href":"https:\/\/axecibleformalite.com\/index.php\/wp-json\/wp\/v2\/pages\/38","targetHints":{"allow":["GET"]}}],"collection":[{"href":"https:\/\/axecibleformalite.com\/index.php\/wp-json\/wp\/v2\/pages"}],"about":[{"href":"https:\/\/axecibleformalite.com\/index.php\/wp-json\/wp\/v2\/types\/page"}],"author":[{"embeddable":true,"href":"https:\/\/axecibleformalite.com\/index.php\/wp-json\/wp\/v2\/users\/1"}],"replies":[{"embeddable":true,"href":"https:\/\/axecibleformalite.com\/index.php\/wp-json\/wp\/v2\/comments?post=38"}],"version-history":[{"count":14,"href":"https:\/\/axecibleformalite.com\/index.php\/wp-json\/wp\/v2\/pages\/38\/revisions"}],"predecessor-version":[{"id":493,"href":"https:\/\/axecibleformalite.com\/index.php\/wp-json\/wp\/v2\/pages\/38\/revisions\/493"}],"wp:attachment":[{"href":"https:\/\/axecibleformalite.com\/index.php\/wp-json\/wp\/v2\/media?parent=38"}],"curies":[{"name":"wp","href":"https:\/\/api.w.org\/{rel}","templated":true}]}}