{"id":388,"date":"2025-08-23T12:53:03","date_gmt":"2025-08-23T10:53:03","guid":{"rendered":"http:\/\/axecibleformalite.com\/?page_id=388"},"modified":"2025-08-23T13:05:00","modified_gmt":"2025-08-23T11:05:00","slug":"frais-de-publication","status":"publish","type":"page","link":"https:\/\/axecibleformalite.com\/index.php\/frais-de-publication\/","title":{"rendered":"FRAIS DE PUBLICATION"},"content":{"rendered":"\n<h3 class=\"wp-block-heading has-luminous-vivid-orange-color has-text-color has-link-color wp-elements-8469908fd3fa393723b65d815ecefd11\">Les frais de publication dans un support d\u2019annonces l\u00e9gales<\/h3>\n\n\n\n<p>Depuis un arr\u00eat\u00e9 du 19 novembre 2021, un<strong>&nbsp;montant forfaitaire<\/strong>&nbsp;a \u00e9t\u00e9 d\u00e9termin\u00e9 au sujet de<a href=\"https:\/\/www.legalplace.fr\/guides\/annonce-legale-creation-sas\/\">&nbsp;la publication<\/a>&nbsp;des annonces relatives \u00e0 la cr\u00e9ation d\u2019entreprise dans un support d\u2019annonces l\u00e9gales.<\/p>\n\n\n\n<p><\/p>\n\n\n\n<p class=\"has-luminous-vivid-orange-color has-text-color has-link-color wp-elements-0a445974607ea6e82cfbcdb07637db46\">D\u00e9sormais, le co\u00fbt de l\u2019annonce l\u00e9gale s\u2019\u00e9l\u00e8ve \u00e0 :<\/p>\n\n\n\n<figure class=\"wp-block-image aligncenter size-large\"><img alt=\"\" fetchpriority=\"high\" decoding=\"async\" width=\"1024\" height=\"603\" src=\"http:\/\/axecibleformalite.com\/wp-content\/uploads\/2025\/08\/Capture-decran-2025-08-23-124032-1024x603.png\" alt=\"\" class=\"wp-image-391\" srcset=\"https:\/\/axecibleformalite.com\/wp-content\/uploads\/2025\/08\/Capture-decran-2025-08-23-124032-1024x603.png 1024w, https:\/\/axecibleformalite.com\/wp-content\/uploads\/2025\/08\/Capture-decran-2025-08-23-124032-300x177.png 300w, https:\/\/axecibleformalite.com\/wp-content\/uploads\/2025\/08\/Capture-decran-2025-08-23-124032-768x452.png 768w, https:\/\/axecibleformalite.com\/wp-content\/uploads\/2025\/08\/Capture-decran-2025-08-23-124032.png 1207w\" sizes=\"(max-width: 1024px) 100vw, 1024px\" \/><\/figure>\n\n\n\n<figure class=\"wp-block-image aligncenter size-large\"><img alt=\"\" decoding=\"async\" width=\"1024\" height=\"599\" src=\"http:\/\/axecibleformalite.com\/wp-content\/uploads\/2025\/08\/Capture-decran-2025-08-23-124057-1024x599.png\" alt=\"\" class=\"wp-image-392\" srcset=\"https:\/\/axecibleformalite.com\/wp-content\/uploads\/2025\/08\/Capture-decran-2025-08-23-124057-1024x599.png 1024w, https:\/\/axecibleformalite.com\/wp-content\/uploads\/2025\/08\/Capture-decran-2025-08-23-124057-300x175.png 300w, https:\/\/axecibleformalite.com\/wp-content\/uploads\/2025\/08\/Capture-decran-2025-08-23-124057-768x449.png 768w, https:\/\/axecibleformalite.com\/wp-content\/uploads\/2025\/08\/Capture-decran-2025-08-23-124057.png 1211w\" sizes=\"(max-width: 1024px) 100vw, 1024px\" \/><\/figure>\n\n\n\n<figure class=\"wp-block-image aligncenter size-large\"><img alt=\"\" decoding=\"async\" width=\"1024\" height=\"600\" src=\"http:\/\/axecibleformalite.com\/wp-content\/uploads\/2025\/08\/Capture-decran-2025-08-23-124421-1024x600.png\" alt=\"\" class=\"wp-image-393\" srcset=\"https:\/\/axecibleformalite.com\/wp-content\/uploads\/2025\/08\/Capture-decran-2025-08-23-124421-1024x600.png 1024w, https:\/\/axecibleformalite.com\/wp-content\/uploads\/2025\/08\/Capture-decran-2025-08-23-124421-300x176.png 300w, https:\/\/axecibleformalite.com\/wp-content\/uploads\/2025\/08\/Capture-decran-2025-08-23-124421-768x450.png 768w, https:\/\/axecibleformalite.com\/wp-content\/uploads\/2025\/08\/Capture-decran-2025-08-23-124421.png 1204w\" sizes=\"(max-width: 1024px) 100vw, 1024px\" \/><\/figure>\n\n\n\n<figure class=\"wp-block-image aligncenter size-large\"><img alt=\"\" loading=\"lazy\" decoding=\"async\" width=\"1024\" height=\"602\" src=\"http:\/\/axecibleformalite.com\/wp-content\/uploads\/2025\/08\/Capture-decran-2025-08-23-124502-1024x602.png\" alt=\"\" class=\"wp-image-394\" srcset=\"https:\/\/axecibleformalite.com\/wp-content\/uploads\/2025\/08\/Capture-decran-2025-08-23-124502-1024x602.png 1024w, https:\/\/axecibleformalite.com\/wp-content\/uploads\/2025\/08\/Capture-decran-2025-08-23-124502-300x176.png 300w, https:\/\/axecibleformalite.com\/wp-content\/uploads\/2025\/08\/Capture-decran-2025-08-23-124502-768x451.png 768w, https:\/\/axecibleformalite.com\/wp-content\/uploads\/2025\/08\/Capture-decran-2025-08-23-124502.png 1208w\" sizes=\"(max-width: 1024px) 100vw, 1024px\" \/><\/figure>\n\n\n\n<figure class=\"wp-block-image aligncenter size-large\"><img alt=\"\" loading=\"lazy\" decoding=\"async\" width=\"1024\" height=\"601\" src=\"http:\/\/axecibleformalite.com\/wp-content\/uploads\/2025\/08\/Capture-decran-2025-08-23-124543-1024x601.png\" alt=\"\" class=\"wp-image-395\" srcset=\"https:\/\/axecibleformalite.com\/wp-content\/uploads\/2025\/08\/Capture-decran-2025-08-23-124543-1024x601.png 1024w, https:\/\/axecibleformalite.com\/wp-content\/uploads\/2025\/08\/Capture-decran-2025-08-23-124543-300x176.png 300w, https:\/\/axecibleformalite.com\/wp-content\/uploads\/2025\/08\/Capture-decran-2025-08-23-124543-768x451.png 768w, https:\/\/axecibleformalite.com\/wp-content\/uploads\/2025\/08\/Capture-decran-2025-08-23-124543.png 1205w\" sizes=\"(max-width: 1024px) 100vw, 1024px\" \/><\/figure>\n\n\n\n<figure class=\"wp-block-image aligncenter size-large\"><img alt=\"\" loading=\"lazy\" decoding=\"async\" width=\"1024\" height=\"604\" src=\"http:\/\/axecibleformalite.com\/wp-content\/uploads\/2025\/08\/Capture-decran-2025-08-23-124628-1024x604.png\" alt=\"\" class=\"wp-image-396\" srcset=\"https:\/\/axecibleformalite.com\/wp-content\/uploads\/2025\/08\/Capture-decran-2025-08-23-124628-1024x604.png 1024w, https:\/\/axecibleformalite.com\/wp-content\/uploads\/2025\/08\/Capture-decran-2025-08-23-124628-300x177.png 300w, https:\/\/axecibleformalite.com\/wp-content\/uploads\/2025\/08\/Capture-decran-2025-08-23-124628-768x453.png 768w, https:\/\/axecibleformalite.com\/wp-content\/uploads\/2025\/08\/Capture-decran-2025-08-23-124628.png 1206w\" sizes=\"(max-width: 1024px) 100vw, 1024px\" \/><\/figure>\n\n\n\n<figure class=\"wp-block-image aligncenter size-large\"><img alt=\"\" loading=\"lazy\" decoding=\"async\" width=\"1024\" height=\"599\" src=\"http:\/\/axecibleformalite.com\/wp-content\/uploads\/2025\/08\/Capture-decran-2025-08-23-124714-1024x599.png\" alt=\"\" class=\"wp-image-397\" srcset=\"https:\/\/axecibleformalite.com\/wp-content\/uploads\/2025\/08\/Capture-decran-2025-08-23-124714-1024x599.png 1024w, https:\/\/axecibleformalite.com\/wp-content\/uploads\/2025\/08\/Capture-decran-2025-08-23-124714-300x175.png 300w, https:\/\/axecibleformalite.com\/wp-content\/uploads\/2025\/08\/Capture-decran-2025-08-23-124714-768x449.png 768w, https:\/\/axecibleformalite.com\/wp-content\/uploads\/2025\/08\/Capture-decran-2025-08-23-124714.png 1212w\" sizes=\"(max-width: 1024px) 100vw, 1024px\" \/><\/figure>\n\n\n\n<figure class=\"wp-block-image aligncenter size-large\"><img alt=\"\" loading=\"lazy\" decoding=\"async\" width=\"1024\" height=\"603\" src=\"http:\/\/axecibleformalite.com\/wp-content\/uploads\/2025\/08\/Capture-decran-2025-08-23-124747-1024x603.png\" alt=\"\" class=\"wp-image-398\" srcset=\"https:\/\/axecibleformalite.com\/wp-content\/uploads\/2025\/08\/Capture-decran-2025-08-23-124747-1024x603.png 1024w, https:\/\/axecibleformalite.com\/wp-content\/uploads\/2025\/08\/Capture-decran-2025-08-23-124747-300x177.png 300w, https:\/\/axecibleformalite.com\/wp-content\/uploads\/2025\/08\/Capture-decran-2025-08-23-124747-768x452.png 768w, https:\/\/axecibleformalite.com\/wp-content\/uploads\/2025\/08\/Capture-decran-2025-08-23-124747.png 1204w\" sizes=\"(max-width: 1024px) 100vw, 1024px\" \/><\/figure>\n\n\n\n<figure class=\"wp-block-image aligncenter size-large\"><img alt=\"\" loading=\"lazy\" decoding=\"async\" width=\"1024\" height=\"598\" src=\"http:\/\/axecibleformalite.com\/wp-content\/uploads\/2025\/08\/Capture-decran-2025-08-23-124825-1024x598.png\" alt=\"\" class=\"wp-image-399\" srcset=\"https:\/\/axecibleformalite.com\/wp-content\/uploads\/2025\/08\/Capture-decran-2025-08-23-124825-1024x598.png 1024w, https:\/\/axecibleformalite.com\/wp-content\/uploads\/2025\/08\/Capture-decran-2025-08-23-124825-300x175.png 300w, https:\/\/axecibleformalite.com\/wp-content\/uploads\/2025\/08\/Capture-decran-2025-08-23-124825-768x448.png 768w, https:\/\/axecibleformalite.com\/wp-content\/uploads\/2025\/08\/Capture-decran-2025-08-23-124825.png 1206w\" sizes=\"(max-width: 1024px) 100vw, 1024px\" \/><\/figure>\n\n\n\n<p><\/p>\n","protected":false},"excerpt":{"rendered":"<p>Les frais de publication dans un support d\u2019annonces l\u00e9gales Depuis un arr\u00eat\u00e9 du 19 novembre 2021, un&nbsp;montant forfaitaire&nbsp;a \u00e9t\u00e9 d\u00e9termin\u00e9 au sujet de&nbsp;la publication&nbsp;des annonces relatives \u00e0 la cr\u00e9ation d\u2019entreprise dans un support d\u2019annonces l\u00e9gales. D\u00e9sormais, le co\u00fbt de l\u2019annonce l\u00e9gale s\u2019\u00e9l\u00e8ve \u00e0 :<\/p>\n","protected":false},"author":1,"featured_media":0,"parent":0,"menu_order":0,"comment_status":"closed","ping_status":"closed","template":"","meta":{"_seopress_robots_primary_cat":"","_seopress_titles_title":"","_seopress_titles_desc":"","_seopress_robots_index":"","footnotes":""},"class_list":["post-388","page","type-page","status-publish","hentry"],"_links":{"self":[{"href":"https:\/\/axecibleformalite.com\/index.php\/wp-json\/wp\/v2\/pages\/388","targetHints":{"allow":["GET"]}}],"collection":[{"href":"https:\/\/axecibleformalite.com\/index.php\/wp-json\/wp\/v2\/pages"}],"about":[{"href":"https:\/\/axecibleformalite.com\/index.php\/wp-json\/wp\/v2\/types\/page"}],"author":[{"embeddable":true,"href":"https:\/\/axecibleformalite.com\/index.php\/wp-json\/wp\/v2\/users\/1"}],"replies":[{"embeddable":true,"href":"https:\/\/axecibleformalite.com\/index.php\/wp-json\/wp\/v2\/comments?post=388"}],"version-history":[{"count":4,"href":"https:\/\/axecibleformalite.com\/index.php\/wp-json\/wp\/v2\/pages\/388\/revisions"}],"predecessor-version":[{"id":409,"href":"https:\/\/axecibleformalite.com\/index.php\/wp-json\/wp\/v2\/pages\/388\/revisions\/409"}],"wp:attachment":[{"href":"https:\/\/axecibleformalite.com\/index.php\/wp-json\/wp\/v2\/media?parent=388"}],"curies":[{"name":"wp","href":"https:\/\/api.w.org\/{rel}","templated":true}]}}